{"id":3179,"date":"2015-12-04T02:09:37","date_gmt":"2015-12-04T02:09:37","guid":{"rendered":"https:\/\/www.booking.borgoditria.it\/prenota\/"},"modified":"2023-05-17T17:58:41","modified_gmt":"2023-05-17T15:58:41","slug":"prenota","status":"publish","type":"page","link":"https:\/\/www.booking.borgoditria.it\/fr\/","title":{"rendered":"Livre"},"content":{"rendered":"<div class=\"fusion-fullwidth fullwidth-box fusion-builder-row-1 nonhundred-percent-fullwidth non-hundred-percent-height-scrolling\" style=\"--awb-border-radius-top-left:0px;--awb-border-radius-top-right:0px;--awb-border-radius-bottom-right:0px;--awb-border-radius-bottom-left:0px;--awb-flex-wrap:wrap;\" ><div class=\"fusion-builder-row fusion-row\"><div class=\"fusion-layout-column fusion_builder_column fusion-builder-column-0 fusion_builder_column_1_1 1_1 fusion-one-full fusion-column-first fusion-column-last\" style=\"--awb-bg-size:cover;\"><div class=\"fusion-column-wrapper fusion-column-has-shadow fusion-flex-column-wrapper-legacy\"><div class=\"fusion-clearfix\"><\/div><\/div><\/div><\/div><\/div>\n","protected":false},"excerpt":{"rendered":"","protected":false},"author":1,"featured_media":0,"parent":0,"menu_order":0,"comment_status":"closed","ping_status":"closed","template":"100-width.php","meta":{"om_disable_all_campaigns":false,"_monsterinsights_skip_tracking":false,"_monsterinsights_sitenote_active":false,"_monsterinsights_sitenote_note":"","_monsterinsights_sitenote_category":0,"_uf_show_specific_survey":0,"_uf_disable_surveys":false},"aioseo_notices":[],"yoast_head":"<!-- This site is optimized with the Yoast SEO plugin v21.8.1 - https:\/\/yoast.com\/wordpress\/plugins\/seo\/ -->\n<title>Livre - Borgo d&#039;Itria - Monopoli Puglia - Italy<\/title>\n<meta name=\"description\" content=\"Avez-vous d\u00e9j\u00e0 d\u00e9cid\u00e9 o\u00f9 vous loger? Livre. \u00c9crivez-nous toutes vos questions et nous vous recontacterons dans les meilleurs d\u00e9lais.\" \/>\n<meta name=\"robots\" content=\"index, follow, max-snippet:-1, max-image-preview:large, max-video-preview:-1\" \/>\n<link rel=\"canonical\" href=\"https:\/\/www.booking.borgoditria.it\/fr\/\" \/>\n<meta property=\"og:locale\" content=\"fr_FR\" \/>\n<meta property=\"og:type\" content=\"article\" \/>\n<meta property=\"og:title\" content=\"Livre - Borgo d&#039;Itria - Monopoli Puglia - Italy\" \/>\n<meta property=\"og:description\" content=\"Avez-vous d\u00e9j\u00e0 d\u00e9cid\u00e9 o\u00f9 vous loger? Livre. \u00c9crivez-nous toutes vos questions et nous vous recontacterons dans les meilleurs d\u00e9lais.\" \/>\n<meta property=\"og:url\" content=\"https:\/\/www.booking.borgoditria.it\/fr\/\" \/>\n<meta property=\"og:site_name\" content=\"Borgo d&#039;Itria\" \/>\n<meta property=\"article:modified_time\" content=\"2023-05-17T15:58:41+00:00\" \/>\n<meta name=\"twitter:card\" content=\"summary_large_image\" \/>\n<meta name=\"twitter:label1\" content=\"Dur\u00e9e de lecture estim\u00e9e\" \/>\n\t<meta name=\"twitter:data1\" content=\"2 minutes\" \/>\n<script type=\"application\/ld+json\" class=\"yoast-schema-graph\">{\"@context\":\"https:\/\/schema.org\",\"@graph\":[{\"@type\":\"WebPage\",\"@id\":\"https:\/\/www.booking.borgoditria.it\/fr\/\",\"url\":\"https:\/\/www.booking.borgoditria.it\/fr\/\",\"name\":\"Livre - Borgo d'Itria - Monopoli Puglia - Italy\",\"isPartOf\":{\"@id\":\"https:\/\/www.booking.borgoditria.it\/fr\/#website\"},\"datePublished\":\"2015-12-04T02:09:37+00:00\",\"dateModified\":\"2023-05-17T15:58:41+00:00\",\"description\":\"Avez-vous d\u00e9j\u00e0 d\u00e9cid\u00e9 o\u00f9 vous loger? Livre. \u00c9crivez-nous toutes vos questions et nous vous recontacterons dans les meilleurs d\u00e9lais.\",\"breadcrumb\":{\"@id\":\"https:\/\/www.booking.borgoditria.it\/fr\/#breadcrumb\"},\"inLanguage\":\"fr-FR\",\"potentialAction\":[{\"@type\":\"ReadAction\",\"target\":[\"https:\/\/www.booking.borgoditria.it\/fr\/\"]}]},{\"@type\":\"BreadcrumbList\",\"@id\":\"https:\/\/www.booking.borgoditria.it\/fr\/#breadcrumb\",\"itemListElement\":[{\"@type\":\"ListItem\",\"position\":1,\"name\":\"Home\",\"item\":\"https:\/\/www.booking.borgoditria.it\/fr\/\"},{\"@type\":\"ListItem\",\"position\":2,\"name\":\"Livre\"}]},{\"@type\":\"WebSite\",\"@id\":\"https:\/\/www.booking.borgoditria.it\/fr\/#website\",\"url\":\"https:\/\/www.booking.borgoditria.it\/fr\/\",\"name\":\"Borgo d'Itria\",\"description\":\"Trulli resort\",\"potentialAction\":[{\"@type\":\"SearchAction\",\"target\":{\"@type\":\"EntryPoint\",\"urlTemplate\":\"https:\/\/www.booking.borgoditria.it\/fr\/?s={search_term_string}\"},\"query-input\":\"required name=search_term_string\"}],\"inLanguage\":\"fr-FR\"}]}<\/script>\n<!-- \/ Yoast SEO plugin. -->","yoast_head_json":{"title":"Livre - Borgo d'Itria - Monopoli Puglia - Italy","description":"Avez-vous d\u00e9j\u00e0 d\u00e9cid\u00e9 o\u00f9 vous loger? Livre. \u00c9crivez-nous toutes vos questions et nous vous recontacterons dans les meilleurs d\u00e9lais.","robots":{"index":"index","follow":"follow","max-snippet":"max-snippet:-1","max-image-preview":"max-image-preview:large","max-video-preview":"max-video-preview:-1"},"canonical":"https:\/\/www.booking.borgoditria.it\/fr\/","og_locale":"fr_FR","og_type":"article","og_title":"Livre - Borgo d'Itria - Monopoli Puglia - Italy","og_description":"Avez-vous d\u00e9j\u00e0 d\u00e9cid\u00e9 o\u00f9 vous loger? Livre. \u00c9crivez-nous toutes vos questions et nous vous recontacterons dans les meilleurs d\u00e9lais.","og_url":"https:\/\/www.booking.borgoditria.it\/fr\/","og_site_name":"Borgo d'Itria","article_modified_time":"2023-05-17T15:58:41+00:00","twitter_card":"summary_large_image","twitter_misc":{"Dur\u00e9e de lecture estim\u00e9e":"2 minutes"},"schema":{"@context":"https:\/\/schema.org","@graph":[{"@type":"WebPage","@id":"https:\/\/www.booking.borgoditria.it\/fr\/","url":"https:\/\/www.booking.borgoditria.it\/fr\/","name":"Livre - Borgo d'Itria - Monopoli Puglia - Italy","isPartOf":{"@id":"https:\/\/www.booking.borgoditria.it\/fr\/#website"},"datePublished":"2015-12-04T02:09:37+00:00","dateModified":"2023-05-17T15:58:41+00:00","description":"Avez-vous d\u00e9j\u00e0 d\u00e9cid\u00e9 o\u00f9 vous loger? Livre. \u00c9crivez-nous toutes vos questions et nous vous recontacterons dans les meilleurs d\u00e9lais.","breadcrumb":{"@id":"https:\/\/www.booking.borgoditria.it\/fr\/#breadcrumb"},"inLanguage":"fr-FR","potentialAction":[{"@type":"ReadAction","target":["https:\/\/www.booking.borgoditria.it\/fr\/"]}]},{"@type":"BreadcrumbList","@id":"https:\/\/www.booking.borgoditria.it\/fr\/#breadcrumb","itemListElement":[{"@type":"ListItem","position":1,"name":"Home","item":"https:\/\/www.booking.borgoditria.it\/fr\/"},{"@type":"ListItem","position":2,"name":"Livre"}]},{"@type":"WebSite","@id":"https:\/\/www.booking.borgoditria.it\/fr\/#website","url":"https:\/\/www.booking.borgoditria.it\/fr\/","name":"Borgo d'Itria","description":"Trulli resort","potentialAction":[{"@type":"SearchAction","target":{"@type":"EntryPoint","urlTemplate":"https:\/\/www.booking.borgoditria.it\/fr\/?s={search_term_string}"},"query-input":"required name=search_term_string"}],"inLanguage":"fr-FR"}]}},"_links":{"self":[{"href":"https:\/\/www.booking.borgoditria.it\/fr\/wp-json\/wp\/v2\/pages\/3179"}],"collection":[{"href":"https:\/\/www.booking.borgoditria.it\/fr\/wp-json\/wp\/v2\/pages"}],"about":[{"href":"https:\/\/www.booking.borgoditria.it\/fr\/wp-json\/wp\/v2\/types\/page"}],"author":[{"embeddable":true,"href":"https:\/\/www.booking.borgoditria.it\/fr\/wp-json\/wp\/v2\/users\/1"}],"replies":[{"embeddable":true,"href":"https:\/\/www.booking.borgoditria.it\/fr\/wp-json\/wp\/v2\/comments?post=3179"}],"version-history":[{"count":17,"href":"https:\/\/www.booking.borgoditria.it\/fr\/wp-json\/wp\/v2\/pages\/3179\/revisions"}],"predecessor-version":[{"id":4367,"href":"https:\/\/www.booking.borgoditria.it\/fr\/wp-json\/wp\/v2\/pages\/3179\/revisions\/4367"}],"wp:attachment":[{"href":"https:\/\/www.booking.borgoditria.it\/fr\/wp-json\/wp\/v2\/media?parent=3179"}],"curies":[{"name":"wp","href":"https:\/\/api.w.org\/{rel}","templated":true}]}}